{"id":9,"date":"2026-04-22T21:23:23","date_gmt":"2026-04-22T19:23:23","guid":{"rendered":"https:\/\/gruene-os.de\/bajus2026\/?page_id=9"},"modified":"2026-05-05T08:28:13","modified_gmt":"2026-05-05T06:28:13","slug":"osnabrueck-ist-teamarbeit","status":"publish","type":"page","link":"https:\/\/gruene-os.de\/bajus2026\/","title":{"rendered":"Osnabr\u00fcck ist Teamarbeit"},"content":{"rendered":"\n<figure class=\"wp-block-image size-large\"><img loading=\"lazy\" decoding=\"async\" width=\"1024\" height=\"576\" src=\"https:\/\/gruene-os.de\/bajus2026\/wp-content\/uploads\/sites\/5\/2026\/05\/26-04-20-Startseite-Volker-5-1024x576.png\" alt=\"\" class=\"wp-image-117\" srcset=\"https:\/\/gruene-os.de\/bajus2026\/wp-content\/uploads\/sites\/5\/2026\/05\/26-04-20-Startseite-Volker-5-1024x576.png 1024w, https:\/\/gruene-os.de\/bajus2026\/wp-content\/uploads\/sites\/5\/2026\/05\/26-04-20-Startseite-Volker-5-300x169.png 300w, https:\/\/gruene-os.de\/bajus2026\/wp-content\/uploads\/sites\/5\/2026\/05\/26-04-20-Startseite-Volker-5-768x432.png 768w, https:\/\/gruene-os.de\/bajus2026\/wp-content\/uploads\/sites\/5\/2026\/05\/26-04-20-Startseite-Volker-5-1536x864.png 1536w, https:\/\/gruene-os.de\/bajus2026\/wp-content\/uploads\/sites\/5\/2026\/05\/26-04-20-Startseite-Volker-5.png 1878w\" sizes=\"auto, (max-width: 1024px) 100vw, 1024px\" \/><\/figure>\n\n\n\n<div style=\"height:32px\" aria-hidden=\"true\" class=\"wp-block-spacer\"><\/div>\n\n\n\n<p>Sozialer Zusammenhalt, sichere Fu\u00df- und Radwege, Gr\u00fcne Finger-Schutz, eine lebendige Kultur und gute Kitas und Schulen \u2013 all das schaffen wir nur als Team.<br><strong>Gemeinsam gestalten wir die Zukunft Osnabr\u00fccks \u2013 nachhaltig, gerecht und lebenswert f\u00fcr alle.<\/strong><\/p>\n\n\n\n<p><strong>Ich kandidiere als Oberb\u00fcrgermeister, weil ich \u00fcberzeugt bin: Osnabr\u00fcck kann mehr.<\/strong><\/p>\n\n\n\n<p>Mehr Mut beim Klimaschutz, mehr Tempo beim Ausbau von Radwegen und ein verl\u00e4sslicher \u00d6PNV, mehr Einsatz f\u00fcr Bildung und soziale Gerechtigkeit. Daf\u00fcr trete ich an!<\/p>\n\n\n\n<div style=\"height:50px\" aria-hidden=\"true\" class=\"wp-block-spacer\"><\/div>\n\n\n\n<div class=\"wp-block-buttons is-content-justification-center is-layout-flex wp-container-core-buttons-is-layout-16018d1d wp-block-buttons-is-layout-flex\">\n<div class=\"wp-block-button\"><a class=\"wp-block-button__link wp-element-button\" href=\"https:\/\/gruene-os.de\/bajus2026\/meine-themen\/\">Was mich antreibt<\/a><\/div>\n\n\n\n<div class=\"wp-block-button\"><a class=\"wp-block-button__link wp-element-button\" href=\"https:\/\/gruene-os.de\/bajus2026\/ueber-mich\/\">Wer ich bin<\/a><\/div>\n<\/div>\n\n\n\n<div style=\"height:28px\" aria-hidden=\"true\" class=\"wp-block-spacer\"><\/div>\n\n\n\n<div style=\"height:36px\" aria-hidden=\"true\" class=\"wp-block-spacer\"><\/div>\n\n\n\n<div class=\"wp-block-cover\" style=\"min-height:214px;aspect-ratio:unset;\"><span aria-hidden=\"true\" class=\"wp-block-cover__background has-tanne-background-color has-background-dim-100 has-background-dim\"><\/span><div class=\"wp-block-cover__inner-container is-layout-constrained wp-block-cover-is-layout-constrained\">\n<div style=\"height:36px\" aria-hidden=\"true\" class=\"wp-block-spacer\"><\/div>\n\n\n\n<h2 class=\"wp-block-heading has-text-align-center\">Jede Unterst\u00fctzung z\u00e4hlt!<\/h2>\n\n\n\n<div class=\"wp-block-buttons is-content-justification-center is-layout-flex wp-container-core-buttons-is-layout-16018d1d wp-block-buttons-is-layout-flex\">\n<div class=\"wp-block-button\"><a class=\"wp-block-button__link wp-element-button\" href=\"https:\/\/gruene-os.de\/spenden\/\">Jetzt Spenden!<\/a><\/div>\n<\/div>\n\n\n\n<div style=\"height:36px\" aria-hidden=\"true\" class=\"wp-block-spacer\"><\/div>\n<\/div><\/div>\n\n\n\n<p><\/p>\n","protected":false},"excerpt":{"rendered":"<p>Sozialer Zusammenhalt, sichere Fu\u00df- und Radwege, Gr\u00fcne Finger-Schutz, eine lebendige Kultur und gute Kitas und Schulen \u2013 all das schaffen wir nur als Team.Gemeinsam gestalten wir die Zukunft Osnabr\u00fccks \u2013 [&hellip;]<\/p>\n","protected":false},"author":11,"featured_media":0,"parent":0,"menu_order":0,"comment_status":"closed","ping_status":"closed","template":"","meta":{"footnotes":""},"class_list":["post-9","page","type-page","status-publish","hentry"],"_links":{"self":[{"href":"https:\/\/gruene-os.de\/bajus2026\/wp-json\/wp\/v2\/pages\/9","targetHints":{"allow":["GET"]}}],"collection":[{"href":"https:\/\/gruene-os.de\/bajus2026\/wp-json\/wp\/v2\/pages"}],"about":[{"href":"https:\/\/gruene-os.de\/bajus2026\/wp-json\/wp\/v2\/types\/page"}],"author":[{"embeddable":true,"href":"https:\/\/gruene-os.de\/bajus2026\/wp-json\/wp\/v2\/users\/11"}],"replies":[{"embeddable":true,"href":"https:\/\/gruene-os.de\/bajus2026\/wp-json\/wp\/v2\/comments?post=9"}],"version-history":[{"count":17,"href":"https:\/\/gruene-os.de\/bajus2026\/wp-json\/wp\/v2\/pages\/9\/revisions"}],"predecessor-version":[{"id":118,"href":"https:\/\/gruene-os.de\/bajus2026\/wp-json\/wp\/v2\/pages\/9\/revisions\/118"}],"wp:attachment":[{"href":"https:\/\/gruene-os.de\/bajus2026\/wp-json\/wp\/v2\/media?parent=9"}],"curies":[{"name":"wp","href":"https:\/\/api.w.org\/{rel}","templated":true}]}}