{"id":43,"date":"2026-04-22T22:04:16","date_gmt":"2026-04-22T20:04:16","guid":{"rendered":"https:\/\/gruene-os.de\/bajus2026\/?page_id=43"},"modified":"2026-04-22T22:04:16","modified_gmt":"2026-04-22T20:04:16","slug":"impressum","status":"publish","type":"page","link":"https:\/\/gruene-os.de\/bajus2026\/impressum\/","title":{"rendered":"Impressum"},"content":{"rendered":"\n<p>B\u00dcNDNIS 90\/DIE GR\u00dcNEN <br>Stadtverband Osnabr\u00fcck<br>Luca Wirkus und Maximilian Strautmann<br>Gro\u00dfe Stra\u00dfe 55<br>49074 Osnabr\u00fcck<\/p>\n\n\n\n<p>Telefon +49 541 24550<br>Fax +49 541 22050<br>E-Mail:&nbsp;<a rel=\"noreferrer noopener\" target=\"_blank\">partei@gruene-os.de<\/a><\/p>\n\n\n\n<p><strong>Realisierung durch<\/strong><\/p>\n\n\n\n<p>verdigado eG i.G.<br>Heilig-Kreuz-Stra\u00dfe 16<br>86609 Donauw\u00f6rth<\/p>\n\n\n\n<p><a href=\"http:\/\/www.gruenes-cms.de\/\" target=\"_blank\" rel=\"noreferrer noopener\">www.gruenes-cms.de<\/a><br><a href=\"https:\/\/gruene-os.de\/\" target=\"_blank\" rel=\"noreferrer noopener\">info@verdigado.com<\/a><\/p>\n","protected":false},"excerpt":{"rendered":"<p>B\u00dcNDNIS 90\/DIE GR\u00dcNEN Stadtverband Osnabr\u00fcckLuca Wirkus und Maximilian StrautmannGro\u00dfe Stra\u00dfe 5549074 Osnabr\u00fcck Telefon +49 541 24550Fax +49 541 22050E-Mail:&nbsp;partei@gruene-os.de Realisierung durch verdigado eG i.G.Heilig-Kreuz-Stra\u00dfe 1686609 Donauw\u00f6rth www.gruenes-cms.deinfo@verdigado.com<\/p>\n","protected":false},"author":11,"featured_media":0,"parent":0,"menu_order":0,"comment_status":"closed","ping_status":"closed","template":"","meta":{"footnotes":""},"class_list":["post-43","page","type-page","status-publish","hentry"],"_links":{"self":[{"href":"https:\/\/gruene-os.de\/bajus2026\/wp-json\/wp\/v2\/pages\/43","targetHints":{"allow":["GET"]}}],"collection":[{"href":"https:\/\/gruene-os.de\/bajus2026\/wp-json\/wp\/v2\/pages"}],"about":[{"href":"https:\/\/gruene-os.de\/bajus2026\/wp-json\/wp\/v2\/types\/page"}],"author":[{"embeddable":true,"href":"https:\/\/gruene-os.de\/bajus2026\/wp-json\/wp\/v2\/users\/11"}],"replies":[{"embeddable":true,"href":"https:\/\/gruene-os.de\/bajus2026\/wp-json\/wp\/v2\/comments?post=43"}],"version-history":[{"count":1,"href":"https:\/\/gruene-os.de\/bajus2026\/wp-json\/wp\/v2\/pages\/43\/revisions"}],"predecessor-version":[{"id":44,"href":"https:\/\/gruene-os.de\/bajus2026\/wp-json\/wp\/v2\/pages\/43\/revisions\/44"}],"wp:attachment":[{"href":"https:\/\/gruene-os.de\/bajus2026\/wp-json\/wp\/v2\/media?parent=43"}],"curies":[{"name":"wp","href":"https:\/\/api.w.org\/{rel}","templated":true}]}}