{"id":35,"date":"2026-04-22T21:56:40","date_gmt":"2026-04-22T19:56:40","guid":{"rendered":"https:\/\/gruene-os.de\/bajus2026\/?page_id=35"},"modified":"2026-05-05T21:15:10","modified_gmt":"2026-05-05T19:15:10","slug":"meine-themen","status":"publish","type":"page","link":"https:\/\/gruene-os.de\/bajus2026\/meine-themen\/","title":{"rendered":"Meine Themen"},"content":{"rendered":"\n<h2 class=\"wp-block-heading\"><strong>Osnabr\u00fcck ist Lebensqualit\u00e4t<\/strong><\/h2>\n\n\n\n<p><strong>Wir haben unsere Stadt von unseren Kindern nur geborgt.<\/strong><\/p>\n\n\n\n<p>Der Schutz der \u201eGr\u00fcnen Finger\u201c und des Klimas stehen bei mir ganz oben auf der Agenda. Wir brauchen mehr B\u00e4ume, Hecken und Gr\u00fcnfl\u00e4chen in der gesamten Stadt. Ich stehe f\u00fcr eine konsequente Verkehrswende mit Vorrang f\u00fcr Fu\u00df-, Rad- und Busverkehr.<\/p>\n\n\n\n<div style=\"height:46px\" aria-hidden=\"true\" class=\"wp-block-spacer\"><\/div>\n\n\n\n<h2 class=\"wp-block-heading\"><strong>Osnabr\u00fcck ist Zusammenhalt<\/strong><\/h2>\n\n\n\n<p><strong>Fast jedes f\u00fcnfte Kind lebt in Osnabr\u00fcck in Armut. Das lasse ich nicht zu<\/strong>!<\/p>\n\n\n\n<p>Ich m\u00f6chte bezahlbaren Wohnraum schaffen. Dazu soll die kommunale Wohnungsgesellschaft weit \u00fcber das Etappenziel von 1.000 Wohnungen bis 2030 hinaus bauen. Au\u00dferdem wollen wir die Umnutzung von Leerst\u00e4nden und B\u00fcrofl\u00e4chen.<br>Meine Herzensanliegen ist der Kampf gegen Kinderarmut. Wir m\u00fcssen junge Eltern von Anfang noch besser begleiten und in Kitas und Schulen gezielt f\u00f6rdern.<\/p>\n\n\n\n<div style=\"height:46px\" aria-hidden=\"true\" class=\"wp-block-spacer\"><\/div>\n\n\n\n<h2 class=\"wp-block-heading\"><strong>Osnabr\u00fcck ist Zukunft<\/strong><\/h2>\n\n\n\n<p><strong>Unsere Stadt ist dank Kunst und Kultur liebenswert. Beschr\u00e4nkungen oder gar Zensur wird es mit mir nicht geben.<\/strong><\/p>\n\n\n\n<p>Ich m\u00f6chte Osnabr\u00fcck als Innovationsstandort st\u00e4rken. Daf\u00fcr setze ich auf eine digitale Verwaltung und direkte Beteilung der B\u00fcrger*innen, z. B. in B\u00fcrgerr\u00e4ten.<br>Au\u00dferdem bekenne ich mich klar zu der vielf\u00e4ltigen Kulturlandschaft hier bei uns in Osnabr\u00fcck.<\/p>\n\n\n\n<div style=\"height:46px\" aria-hidden=\"true\" class=\"wp-block-spacer\"><\/div>\n\n\n\n<h2 class=\"wp-block-heading\"><strong>Osnabr\u00fcck ist Respekt<\/strong><\/h2>\n\n\n\n<p><strong>Menschen mit Migrationsgeschichte sind eine tragende S\u00e4ule unserer Gesellschaft. Sie verdienen Respekt und eine Verwaltung, die sie partnerschaftlich unterst\u00fctzt.<\/strong><\/p>\n\n\n\n<p>Angesichts von B\u00fcrger*innen aus \u00fcber 140 Nationen brauchen wir eine echte Willkommenskultur, gute Integrationsangebote und eine Verwaltung, die unterst\u00fctzt.<\/p>\n\n\n\n<div style=\"height:46px\" aria-hidden=\"true\" class=\"wp-block-spacer\"><\/div>\n\n\n\n<h2 class=\"wp-block-heading\"><strong>Osnabr\u00fcck ist mehr<\/strong><\/h2>\n\n\n\n<p><strong>Unsere Hochschulen sind ein echtes Pfund. Ich m\u00f6chte die Vernetzung der Stadt mit ihnen st\u00e4rken &#8211; auch um Fachkr\u00e4fte und Talente langfristig an den Standort Osnabr\u00fcck zu binden.<\/strong><\/p>\n\n\n\n<p>Ich will die Zusammenarbeit mit dem Landkreis in der Wirtschaftsf\u00f6rderung und im Tourismus massiv ausbauen. Die positive Entwicklung unter Landr\u00e4tin unser GR\u00dcNEN Landr\u00e4tin Anna Kebschull zeigt, wie fruchtbar eine st\u00e4rkere Kooperation wirken kann.<\/p>\n","protected":false},"excerpt":{"rendered":"<p>Osnabr\u00fcck ist Lebensqualit\u00e4t Wir haben unsere Stadt von unseren Kindern nur geborgt. Der Schutz der \u201eGr\u00fcnen Finger\u201c und des Klimas stehen bei mir ganz oben auf der Agenda. Wir brauchen [&hellip;]<\/p>\n","protected":false},"author":11,"featured_media":0,"parent":0,"menu_order":0,"comment_status":"closed","ping_status":"closed","template":"","meta":{"footnotes":""},"class_list":["post-35","page","type-page","status-publish","hentry"],"_links":{"self":[{"href":"https:\/\/gruene-os.de\/bajus2026\/wp-json\/wp\/v2\/pages\/35","targetHints":{"allow":["GET"]}}],"collection":[{"href":"https:\/\/gruene-os.de\/bajus2026\/wp-json\/wp\/v2\/pages"}],"about":[{"href":"https:\/\/gruene-os.de\/bajus2026\/wp-json\/wp\/v2\/types\/page"}],"author":[{"embeddable":true,"href":"https:\/\/gruene-os.de\/bajus2026\/wp-json\/wp\/v2\/users\/11"}],"replies":[{"embeddable":true,"href":"https:\/\/gruene-os.de\/bajus2026\/wp-json\/wp\/v2\/comments?post=35"}],"version-history":[{"count":7,"href":"https:\/\/gruene-os.de\/bajus2026\/wp-json\/wp\/v2\/pages\/35\/revisions"}],"predecessor-version":[{"id":119,"href":"https:\/\/gruene-os.de\/bajus2026\/wp-json\/wp\/v2\/pages\/35\/revisions\/119"}],"wp:attachment":[{"href":"https:\/\/gruene-os.de\/bajus2026\/wp-json\/wp\/v2\/media?parent=35"}],"curies":[{"name":"wp","href":"https:\/\/api.w.org\/{rel}","templated":true}]}}