{"id":14,"date":"2026-04-22T21:34:20","date_gmt":"2026-04-22T19:34:20","guid":{"rendered":"https:\/\/gruene-os.de\/bajus2026\/?page_id=14"},"modified":"2026-05-05T08:19:01","modified_gmt":"2026-05-05T06:19:01","slug":"ueber-mich","status":"publish","type":"page","link":"https:\/\/gruene-os.de\/bajus2026\/ueber-mich\/","title":{"rendered":"\u00dcber mich"},"content":{"rendered":"\n<div class=\"wp-block-media-text is-stacked-on-mobile\"><figure class=\"wp-block-media-text__media\"><img loading=\"lazy\" decoding=\"async\" width=\"783\" height=\"1024\" src=\"https:\/\/gruene-os.de\/bajus2026\/wp-content\/uploads\/sites\/5\/2026\/04\/Ueber-mich-2-783x1024.jpeg\" alt=\"\" class=\"wp-image-86 size-full\" srcset=\"https:\/\/gruene-os.de\/bajus2026\/wp-content\/uploads\/sites\/5\/2026\/04\/Ueber-mich-2-783x1024.jpeg 783w, https:\/\/gruene-os.de\/bajus2026\/wp-content\/uploads\/sites\/5\/2026\/04\/Ueber-mich-2-229x300.jpeg 229w, https:\/\/gruene-os.de\/bajus2026\/wp-content\/uploads\/sites\/5\/2026\/04\/Ueber-mich-2-768x1004.jpeg 768w, https:\/\/gruene-os.de\/bajus2026\/wp-content\/uploads\/sites\/5\/2026\/04\/Ueber-mich-2.jpeg 1066w\" sizes=\"auto, (max-width: 783px) 100vw, 783px\" \/><\/figure><div class=\"wp-block-media-text__content\">\n<p><\/p>\n\n\n\n<h2 class=\"wp-block-heading\">Meine Motivation<\/h2>\n\n\n\n<p>Ich kandidiere als Oberb\u00fcrgermeister, weil ich \u00fcberzeugt bin:<br><strong>Osnabr\u00fcck kann mehr!<\/strong><br><br>Ich m\u00f6chte unsere sch\u00f6ne Stadt sozial gerechter und \u00f6kologisch konsequenter weiterentwickeln. Klimaschutz, soziale Teilhabe und eine starke \u00f6ffentliche Infrastruktur geh\u00f6ren f\u00fcr mich untrennbar zusammen. Politik muss konkret werden: bei bezahlbarem Wohnen, guter Bildung, moderner Mobilit\u00e4t und konsequenter Energiewende.<\/p>\n\n\n\n<p>Ich bin mit vier Br\u00fcdern aufgewachsen \u2013 langweilig wurde es dabei selten. Gerechte Verteilung, lebendige Diskussionen und das Ringen um Fairness und Regeln geh\u00f6rten f\u00fcr mich fr\u00fch zum Alltag. Vielleicht habe ich genau dort gelernt, zu vermitteln, L\u00f6sungen zu finden, die f\u00fcr alle passen. Aber auch mich mit Fakten und Argumenten durchzusetzen, wenn es gar nicht voran geht.<\/p>\n<\/div><\/div>\n\n\n\n<div style=\"height:45px\" aria-hidden=\"true\" class=\"wp-block-spacer\"><\/div>\n\n\n\n<div style=\"height:45px\" aria-hidden=\"true\" class=\"wp-block-spacer\"><\/div>\n\n\n\n<div class=\"wp-block-media-text has-media-on-the-right is-stacked-on-mobile\"><div class=\"wp-block-media-text__content\">\n<h2 class=\"wp-block-heading\"><strong>Mein Weg in die Politik<\/strong><\/h2>\n\n\n\n<p>Die sozialen Bewegungen der 1970er- und 80er-Jahre waren pr\u00e4gend f\u00fcr mich: Frieden, Umwelt, globale Gerechtigkeit und der Widerstand gegen Atomkraft und Aufr\u00fcstung.<\/p>\n\n\n\n<p>Ich habe mich immer dort eingebracht, wo ich gerade war: in der Sch\u00fcler*innenvertretung, im AStA, als Vertrauensmann der Gewerkschaft im Betrieb und seit 1993 bei den Gr\u00fcnen. Einsatz f\u00fcr alle, Engagement im Gemeinwesen, das zieht sich wie ein roter Faden durch mein Leben. Mittlerweile bin ich (mit einer Elternzeit-Unterbrechung) seit 1996 im Stadtrat und seit 11 Jahren Mitglied des Nieders\u00e4chsischen Landtags.<\/p>\n<\/div><figure class=\"wp-block-media-text__media\"><img loading=\"lazy\" decoding=\"async\" width=\"615\" height=\"708\" src=\"https:\/\/gruene-os.de\/bajus2026\/wp-content\/uploads\/sites\/5\/2026\/05\/ueber-mich-3.jpeg\" alt=\"\" class=\"wp-image-108 size-full\" srcset=\"https:\/\/gruene-os.de\/bajus2026\/wp-content\/uploads\/sites\/5\/2026\/05\/ueber-mich-3.jpeg 615w, https:\/\/gruene-os.de\/bajus2026\/wp-content\/uploads\/sites\/5\/2026\/05\/ueber-mich-3-261x300.jpeg 261w\" sizes=\"auto, (max-width: 615px) 100vw, 615px\" \/><\/figure><\/div>\n\n\n\n<div style=\"height:45px\" aria-hidden=\"true\" class=\"wp-block-spacer\"><\/div>\n\n\n\n<div class=\"wp-block-media-text is-stacked-on-mobile\"><figure class=\"wp-block-media-text__media\"><img loading=\"lazy\" decoding=\"async\" width=\"768\" height=\"1024\" src=\"https:\/\/gruene-os.de\/bajus2026\/wp-content\/uploads\/sites\/5\/2026\/05\/signal-2026-04-28-190500_002-768x1024.jpeg\" alt=\"\" class=\"wp-image-110 size-full\" srcset=\"https:\/\/gruene-os.de\/bajus2026\/wp-content\/uploads\/sites\/5\/2026\/05\/signal-2026-04-28-190500_002-768x1024.jpeg 768w, https:\/\/gruene-os.de\/bajus2026\/wp-content\/uploads\/sites\/5\/2026\/05\/signal-2026-04-28-190500_002-225x300.jpeg 225w, https:\/\/gruene-os.de\/bajus2026\/wp-content\/uploads\/sites\/5\/2026\/05\/signal-2026-04-28-190500_002-1152x1536.jpeg 1152w, https:\/\/gruene-os.de\/bajus2026\/wp-content\/uploads\/sites\/5\/2026\/05\/signal-2026-04-28-190500_002.jpeg 1200w\" sizes=\"auto, (max-width: 768px) 100vw, 768px\" \/><\/figure><div class=\"wp-block-media-text__content\">\n<h2 class=\"wp-block-heading\"><strong><strong>Mein beruflicher Weg<\/strong><\/strong><\/h2>\n\n\n\n<p>Als Sozialwissenschaftler habe ich zun\u00e4chst als Planer im Umweltbereich gearbeitet. Sp\u00e4ter viele Jahre beim internationalen Kinderhilfswerk terre des hommes in Osnabr\u00fcck. Diese Entscheidung war pr\u00e4gend \u2013 beruflich global unterwegs zu sein und gleichzeitig lokal Verantwortung zu \u00fcbernehmen. Das hat meinen Weg bestimmt.<\/p>\n<\/div><\/div>\n\n\n\n<p><\/p>\n\n\n\n<p><\/p>\n\n\n\n<p><\/p>\n","protected":false},"excerpt":{"rendered":"<p>Meine Motivation Ich kandidiere als Oberb\u00fcrgermeister, weil ich \u00fcberzeugt bin:Osnabr\u00fcck kann mehr! Ich m\u00f6chte unsere sch\u00f6ne Stadt sozial gerechter und \u00f6kologisch konsequenter weiterentwickeln. Klimaschutz, soziale Teilhabe und eine starke \u00f6ffentliche [&hellip;]<\/p>\n","protected":false},"author":11,"featured_media":0,"parent":0,"menu_order":0,"comment_status":"closed","ping_status":"closed","template":"","meta":{"footnotes":""},"class_list":["post-14","page","type-page","status-publish","hentry"],"_links":{"self":[{"href":"https:\/\/gruene-os.de\/bajus2026\/wp-json\/wp\/v2\/pages\/14","targetHints":{"allow":["GET"]}}],"collection":[{"href":"https:\/\/gruene-os.de\/bajus2026\/wp-json\/wp\/v2\/pages"}],"about":[{"href":"https:\/\/gruene-os.de\/bajus2026\/wp-json\/wp\/v2\/types\/page"}],"author":[{"embeddable":true,"href":"https:\/\/gruene-os.de\/bajus2026\/wp-json\/wp\/v2\/users\/11"}],"replies":[{"embeddable":true,"href":"https:\/\/gruene-os.de\/bajus2026\/wp-json\/wp\/v2\/comments?post=14"}],"version-history":[{"count":19,"href":"https:\/\/gruene-os.de\/bajus2026\/wp-json\/wp\/v2\/pages\/14\/revisions"}],"predecessor-version":[{"id":112,"href":"https:\/\/gruene-os.de\/bajus2026\/wp-json\/wp\/v2\/pages\/14\/revisions\/112"}],"wp:attachment":[{"href":"https:\/\/gruene-os.de\/bajus2026\/wp-json\/wp\/v2\/media?parent=14"}],"curies":[{"name":"wp","href":"https:\/\/api.w.org\/{rel}","templated":true}]}}