{"id":113,"date":"2026-05-05T08:23:03","date_gmt":"2026-05-05T06:23:03","guid":{"rendered":"https:\/\/gruene-os.de\/bajus2026\/?page_id=113"},"modified":"2026-05-05T08:23:03","modified_gmt":"2026-05-05T06:23:03","slug":"unterstuetzen","status":"publish","type":"page","link":"https:\/\/gruene-os.de\/bajus2026\/unterstuetzen\/","title":{"rendered":"Unterst\u00fctzen"},"content":{"rendered":"\n<div class=\"wp-block-media-text is-stacked-on-mobile\"><figure class=\"wp-block-media-text__media\"><img loading=\"lazy\" decoding=\"async\" width=\"819\" height=\"1024\" src=\"https:\/\/gruene-os.de\/bajus2026\/wp-content\/uploads\/sites\/5\/2026\/05\/Webseite-Volker-819x1024.png\" alt=\"\" class=\"wp-image-114 size-full\" srcset=\"https:\/\/gruene-os.de\/bajus2026\/wp-content\/uploads\/sites\/5\/2026\/05\/Webseite-Volker-819x1024.png 819w, https:\/\/gruene-os.de\/bajus2026\/wp-content\/uploads\/sites\/5\/2026\/05\/Webseite-Volker-240x300.png 240w, https:\/\/gruene-os.de\/bajus2026\/wp-content\/uploads\/sites\/5\/2026\/05\/Webseite-Volker-768x960.png 768w, https:\/\/gruene-os.de\/bajus2026\/wp-content\/uploads\/sites\/5\/2026\/05\/Webseite-Volker-1229x1536.png 1229w, https:\/\/gruene-os.de\/bajus2026\/wp-content\/uploads\/sites\/5\/2026\/05\/Webseite-Volker-1638x2048.png 1638w, https:\/\/gruene-os.de\/bajus2026\/wp-content\/uploads\/sites\/5\/2026\/05\/Webseite-Volker.png 1890w\" sizes=\"auto, (max-width: 819px) 100vw, 819px\" \/><\/figure><div class=\"wp-block-media-text__content\">\n<p><strong>Allein bewegt niemand eine Stadt. <\/strong>Das geht nur gemeinsam. <\/p>\n\n\n\n<p>Genau deshalb kandidiere ich im Herbst als Oberb\u00fcrgermeister f\u00fcr Osnabr\u00fcck \u2013 weil ich zusammen mit euch etwas bewegen will. Deswegen brauche ich dich und deine Unterst\u00fctzung!\u00a0<\/p>\n\n\n\n<div class=\"wp-block-buttons is-layout-flex wp-block-buttons-is-layout-flex\">\n<div class=\"wp-block-button\"><a class=\"wp-block-button__link wp-element-button\" href=\"https:\/\/gruene-os.de\/spenden\/\">Als Spender*in<\/a><\/div>\n\n\n\n<div class=\"wp-block-button\"><a class=\"wp-block-button__link wp-element-button\" href=\"https:\/\/www.gruene.de\/mitglied-werden\">Als Partei-Mitglied<\/a><\/div>\n\n\n\n<div class=\"wp-block-button\"><a class=\"wp-block-button__link wp-element-button\" href=\"https:\/\/gruene-os.de\/mitmachen\/\">Als WK Helfer*in<\/a><\/div>\n<\/div>\n<\/div><\/div>\n\n\n\n<p><\/p>\n","protected":false},"excerpt":{"rendered":"","protected":false},"author":11,"featured_media":0,"parent":0,"menu_order":0,"comment_status":"closed","ping_status":"closed","template":"","meta":{"footnotes":""},"class_list":["post-113","page","type-page","status-publish","hentry"],"_links":{"self":[{"href":"https:\/\/gruene-os.de\/bajus2026\/wp-json\/wp\/v2\/pages\/113","targetHints":{"allow":["GET"]}}],"collection":[{"href":"https:\/\/gruene-os.de\/bajus2026\/wp-json\/wp\/v2\/pages"}],"about":[{"href":"https:\/\/gruene-os.de\/bajus2026\/wp-json\/wp\/v2\/types\/page"}],"author":[{"embeddable":true,"href":"https:\/\/gruene-os.de\/bajus2026\/wp-json\/wp\/v2\/users\/11"}],"replies":[{"embeddable":true,"href":"https:\/\/gruene-os.de\/bajus2026\/wp-json\/wp\/v2\/comments?post=113"}],"version-history":[{"count":1,"href":"https:\/\/gruene-os.de\/bajus2026\/wp-json\/wp\/v2\/pages\/113\/revisions"}],"predecessor-version":[{"id":115,"href":"https:\/\/gruene-os.de\/bajus2026\/wp-json\/wp\/v2\/pages\/113\/revisions\/115"}],"wp:attachment":[{"href":"https:\/\/gruene-os.de\/bajus2026\/wp-json\/wp\/v2\/media?parent=113"}],"curies":[{"name":"wp","href":"https:\/\/api.w.org\/{rel}","templated":true}]}}